{"id":1600,"date":"2023-10-18T11:38:41","date_gmt":"2023-10-18T11:38:41","guid":{"rendered":"https:\/\/verumhd.com\/aviso-legal\/"},"modified":"2024-01-29T12:11:12","modified_gmt":"2024-01-29T12:11:12","slug":"legal-notice","status":"publish","type":"page","link":"https:\/\/verumhd.com\/en\/legal-notice\/","title":{"rendered":"Legal Notice"},"content":{"rendered":"<p>Esta p\u00e1gina Web es propiedad de <strong>VERUM HOTEL DEVELOPMENT S.L <\/strong>(en adelante <strong>VERUM HD<\/strong>, con NIF B65125643 y domicilio en Rambla de Catalunya, 94 entlo. 2\u00ba, 08008 de Barcelona (Espa\u00f1a) e inscrita en el Registro Mercantil de Barcelona Tomo 41.395, Folio 34 Hoja B-392723.<\/p>\n<p>Para cualquier consulta o propuesta, cont\u00e1ctenos en el tel\u00e9fono (+34) 93 272 07 84 o en el e-mail: <a href=\"mailto:info@verumhd.com\">info@verumhd.com<\/a><\/p>\n<p>Esta p\u00e1gina Web se rige por la normativa exclusivamente aplicable en Espa\u00f1a, quedando sometida a ella, tanto nacionales como extranjeros que utilicen esta Web.<\/p>\n<p>El acceso a nuestra p\u00e1gina Web por parte del USUARIO es gratuito y est\u00e1 condicionado a la previa lectura y aceptaci\u00f3n integra, expresa y sin reservas de las presentes CONDICIONES GENERALES DE USO vigentes en el momento del acceso, que rogamos lea detenidamente. El USUARIO en el momento que utiliza nuestro portal, sus contenidos o servicios, acepta y se somete expresamente a las condiciones generales de uso del mismo. Si el usuario no estuviere de acuerdo con las presentes condiciones de uso, deber\u00e1 abstenerse de utilizar este portal y operar por medio del mismo.<\/p>\n<p>En cualquier momento podremos modificar la presentaci\u00f3n y configuraci\u00f3n de nuestra Web, ampliar o reducir servicios, e incluso suprimirla de la Red, as\u00ed como los servicios y contenidos prestados, todo ello de forma unilateral y sin previo aviso.<\/p>\n<p><strong>A. PROPIEDAD INTELECTUAL<\/strong><\/p>\n<p>Todos los contenidos, textos, im\u00e1genes, marcas y c\u00f3digos fuente son de nuestra propiedad o de terceros a los que se han adquirido sus derechos de explotaci\u00f3n, y est\u00e1n protegidos por los derechos de Propiedad Intelectual e Industrial.<\/p>\n<p>El usuario \u00fanicamente tiene derecho a un uso privado de los mismos, sin \u00e1nimo de lucro, y necesita autorizaci\u00f3n expresa para modificarlos, reproducirlos, explotarlos, distribuirlos o ejercer cualquier derecho perteneciente a su titular.<\/p>\n<p><strong>B. CONDICIONES DE ACCESO<\/strong><\/p>\n<p>El acceso a nuestra p\u00e1gina Web es gratuito y no exige previa suscripci\u00f3n o registro.<\/p>\n<p>El env\u00edo de datos personales implica la aceptaci\u00f3n expresa por parte del USUARIO de nuestra pol\u00edtica de privacidad.<\/p>\n<p>El usuario debe acceder a nuestra p\u00e1gina Web conforme a la buena fe, las normas de orden p\u00fablico y a las presentes Condiciones Generales de uso. El acceso a nuestro sitio Web se realiza bajo la propia y exclusiva responsabilidad del usuario, que responder\u00e1 en todo caso de los da\u00f1os y perjuicios que pueda causar a terceros o a nosotros mismos.<\/p>\n<p>Teniendo en cuenta la imposibilidad de control respecto a la informaci\u00f3n, contenidos y servicios que contengan otras p\u00e1ginas web a los que se pueda acceder a trav\u00e9s de los enlaces que nuestra p\u00e1gina web pueda poner a su disposici\u00f3n, le comunicamos que quedamos eximidos de cualquier responsabilidad por los da\u00f1os y perjuicios de toda clase que pudiesen derivar por la utilizaci\u00f3n de esas p\u00e1ginas web, ajenas a nuestra empresa, por parte del usuario.<\/p>\n<p><strong>C. POL\u00cdTICA DE PRIVACIDAD<\/strong><\/p>\n<p>La confidencialidad y la seguridad son valores primordiales de VERUM HD y, en consecuencia, asumimos el compromiso de garantizar la privacidad del Usuario en todo momento y de no recabar informaci\u00f3n innecesaria.<\/p>\n<p>El suministro de datos personales a trav\u00e9s de nuestro portal requiere una edad m\u00ednima de 14 a\u00f1os y la aceptaci\u00f3n expresa de nuestra Pol\u00edtica de Privacidad.<\/p>\n<p><strong>D. RESPONSABILIDADES<\/strong><\/p>\n<p>Al poner a disposici\u00f3n del usuario esta p\u00e1gina Web queremos ofrecerle un servicio de calidad, utilizando la m\u00e1xima diligencia en la prestaci\u00f3n del mismo, as\u00ed como en los medios tecnol\u00f3gicos utilizados. No obstante, no responderemos de la presencia de virus y otros elementos que de alg\u00fan modo puedan da\u00f1ar el sistema inform\u00e1tico del usuario.<\/p>\n<p>No garantizamos que la disponibilidad del servicio sea continua e ininterrumpida.<\/p>\n<p>No nos hacemos responsables de la pol\u00edtica de privacidad respecto a los datos personales que pueda facilitar a terceros por medio de los enlaces disponibles en nuestra p\u00e1gina web.<\/p>\n<p>El USUARIO tiene prohibido cualquier tipo de acci\u00f3n sobre nuestro portal que origine una excesiva sobrecarga de funcionamiento a nuestros sistemas inform\u00e1ticos, as\u00ed como la introducci\u00f3n de virus, o instalaci\u00f3n de robots, o software que altere el normal funcionamiento de nuestra web, o en definitiva pueda causar da\u00f1os a nuestros sistemas inform\u00e1ticos.<\/p>\n<p>El USUARIO asume toda la responsabilidad derivada del uso de nuestra p\u00e1gina web.<\/p>\n<p>El USUARIO reconoce que ha entendido toda la informaci\u00f3n respecto a las condiciones de uso de nuestro portal, y reconoce que son suficientes para la exclusi\u00f3n del error en las mismas, y por lo tanto, las acepta integra y expresamente.<\/p>\n<p><strong>E. VIGENCIA DE LAS CONDICIONES GENERALES DE ACCESO A LA WEB<\/strong><\/p>\n<p>Las presentes Condiciones Generales de Uso han sido modificadas con fecha\u00a0<strong>08\/10\/2023.<\/strong>\u00a0En cualquier momento podemos proceder a su modificaci\u00f3n: por favor, compruebe la fecha de emisi\u00f3n en cada ocasi\u00f3n en que se conecte a nuestra p\u00e1gina Web y as\u00ed tendr\u00e1 la certeza de que no se ha producido modificaci\u00f3n alguna que le afecte.<\/p>\n<p>Para cualquier cuesti\u00f3n respecto a las Condiciones de Uso de nuestra p\u00e1gina web, puede ponerse en contacto con nosotros en los datos arriba indicado.<\/p>\n<p>&nbsp;<\/p>\n<p>&nbsp;<\/p>\n","protected":false},"excerpt":{"rendered":"<p>Esta p\u00e1gina Web es propiedad de VERUM HOTEL DEVELOPMENT S.L (en adelante VERUM HD, con NIF B65125643 y domicilio en Rambla de Catalunya, 94 entlo. 2\u00ba, 08008 de Barcelona (Espa\u00f1a) e inscrita en el Registro Mercantil de Barcelona Tomo 41.395, Folio 34 Hoja B-392723. Para cualquier consulta o propuesta, cont\u00e1ctenos en el tel\u00e9fono (+34) 93 [&hellip;]<\/p>\n","protected":false},"author":2,"featured_media":0,"parent":0,"menu_order":0,"comment_status":"closed","ping_status":"open","template":"page-nosidebar.php","meta":{"footnotes":""},"class_list":["post-1600","page","type-page","status-publish","hentry"],"yoast_head":"<!-- This site is optimized with the Yoast SEO plugin v27.1.1 - https:\/\/yoast.com\/product\/yoast-seo-wordpress\/ -->\n<title>Legal Notice - Verum Hotel Development<\/title>\n<meta name=\"description\" content=\"Legal Notice -Verum Hotel Development\" \/>\n<meta name=\"robots\" content=\"index, follow, max-snippet:-1, max-image-preview:large, max-video-preview:-1\" \/>\n<link rel=\"canonical\" href=\"https:\/\/verumhd.com\/aviso-legal\/\" \/>\n<meta property=\"og:locale\" content=\"en_US\" \/>\n<meta property=\"og:type\" content=\"article\" \/>\n<meta property=\"og:title\" content=\"Legal Notice - Verum Hotel Development\" \/>\n<meta property=\"og:description\" content=\"Legal Notice -Verum Hotel Development\" \/>\n<meta property=\"og:url\" content=\"https:\/\/verumhd.com\/aviso-legal\/\" \/>\n<meta property=\"og:site_name\" content=\"Verum Hotel Development\" \/>\n<meta property=\"article:modified_time\" content=\"2024-01-29T12:11:12+00:00\" \/>\n<meta name=\"twitter:card\" content=\"summary_large_image\" \/>\n<meta name=\"twitter:label1\" content=\"Est. reading time\" \/>\n\t<meta name=\"twitter:data1\" content=\"4 minutes\" \/>\n<!-- \/ Yoast SEO plugin. -->","yoast_head_json":{"title":"Legal Notice - Verum Hotel Development","description":"Legal Notice -Verum Hotel Development","robots":{"index":"index","follow":"follow","max-snippet":"max-snippet:-1","max-image-preview":"max-image-preview:large","max-video-preview":"max-video-preview:-1"},"canonical":"https:\/\/verumhd.com\/aviso-legal\/","og_locale":"en_US","og_type":"article","og_title":"Legal Notice - Verum Hotel Development","og_description":"Legal Notice -Verum Hotel Development","og_url":"https:\/\/verumhd.com\/aviso-legal\/","og_site_name":"Verum Hotel Development","article_modified_time":"2024-01-29T12:11:12+00:00","twitter_card":"summary_large_image","twitter_misc":{"Est. reading time":"4 minutes"},"schema":{"@context":"https:\/\/schema.org","@graph":[{"@type":"WebPage","@id":"https:\/\/verumhd.com\/aviso-legal\/","url":"https:\/\/verumhd.com\/aviso-legal\/","name":"Legal Notice - Verum Hotel Development","isPartOf":{"@id":"https:\/\/verumhd.com\/#website"},"datePublished":"2023-10-18T11:38:41+00:00","dateModified":"2024-01-29T12:11:12+00:00","description":"Legal Notice -Verum Hotel Development","breadcrumb":{"@id":"https:\/\/verumhd.com\/aviso-legal\/#breadcrumb"},"inLanguage":"en-US","potentialAction":[{"@type":"ReadAction","target":["https:\/\/verumhd.com\/aviso-legal\/"]}]},{"@type":"BreadcrumbList","@id":"https:\/\/verumhd.com\/aviso-legal\/#breadcrumb","itemListElement":[{"@type":"ListItem","position":1,"name":"Portada","item":"https:\/\/verumhd.com\/"},{"@type":"ListItem","position":2,"name":"Legal Notice"}]},{"@type":"WebSite","@id":"https:\/\/verumhd.com\/#website","url":"https:\/\/verumhd.com\/","name":"Verum Hotel Development","description":"Arquitectura y planificaci\u00f3n. Organizamos Proyectos de Hosteler\u00eda con caracter propio y alta rentabilidad.","potentialAction":[{"@type":"SearchAction","target":{"@type":"EntryPoint","urlTemplate":"https:\/\/verumhd.com\/?s={search_term_string}"},"query-input":{"@type":"PropertyValueSpecification","valueRequired":true,"valueName":"search_term_string"}}],"inLanguage":"en-US"}]}},"_links":{"self":[{"href":"https:\/\/verumhd.com\/en\/wp-json\/wp\/v2\/pages\/1600","targetHints":{"allow":["GET"]}}],"collection":[{"href":"https:\/\/verumhd.com\/en\/wp-json\/wp\/v2\/pages"}],"about":[{"href":"https:\/\/verumhd.com\/en\/wp-json\/wp\/v2\/types\/page"}],"author":[{"embeddable":true,"href":"https:\/\/verumhd.com\/en\/wp-json\/wp\/v2\/users\/2"}],"replies":[{"embeddable":true,"href":"https:\/\/verumhd.com\/en\/wp-json\/wp\/v2\/comments?post=1600"}],"version-history":[{"count":1,"href":"https:\/\/verumhd.com\/en\/wp-json\/wp\/v2\/pages\/1600\/revisions"}],"predecessor-version":[{"id":1602,"href":"https:\/\/verumhd.com\/en\/wp-json\/wp\/v2\/pages\/1600\/revisions\/1602"}],"wp:attachment":[{"href":"https:\/\/verumhd.com\/en\/wp-json\/wp\/v2\/media?parent=1600"}],"curies":[{"name":"wp","href":"https:\/\/api.w.org\/{rel}","templated":true}]}}