{"id":1468,"date":"2016-03-08T10:28:46","date_gmt":"2016-03-08T10:28:46","guid":{"rendered":"https:\/\/verumhd.com\/inicio\/"},"modified":"2024-01-29T10:55:56","modified_gmt":"2024-01-29T10:55:56","slug":"inicio","status":"publish","type":"page","link":"https:\/\/verumhd.com\/fr\/","title":{"rendered":"Accueil"},"content":{"rendered":"<p>[vc_row full_width=&#8221;stretch_row&#8221; cth_layout=&#8221;monolit_fullheight_sec&#8221; el_class=&#8221;no-bg-con&#8221;][vc_column css=&#8221;.vc_custom_1455730804223{padding-right: 0px !important;padding-left: 0px !important;}&#8221;][monolit_home_vimeo_video video=&#8221;906050399&#8243; bgimg=&#8221;665&#8243; opacity=&#8221;&#8221;]<\/p>\n<h2><\/h2>\n<h3><\/h3>\n<p>[\/monolit_home_vimeo_video][\/vc_column][\/vc_row][vc_row cth_layout=&#8221;monolit_page_sec&#8221; el_id=&#8221;sec1&#8243; css=&#8221;.vc_custom_1706115646104{margin-top: -80px !important;}&#8221;][vc_column offset=&#8221;vc_col-md-4 vc_hidden-xs&#8221;][monolit_carousel_slider_multiimgs slideimages=&#8221;568,570,571&#8243;][\/vc_column][vc_column offset=&#8221;vc_col-md-8 vc_hidden-xs&#8221;][vc_column_text]<\/p>\n<h2 class=\"section-title\">NOUS TRANSFORMONS LES ESPACES<br \/>\n<strong>EN EXP\u00c9RIENCES INOUBLIABLES<\/strong><\/h2>\n<h6 class=\"wsite-content-title\"><\/h6>\n<div><\/div>\n<p>[\/vc_column_text][vc_column_text]Verum est une entreprise compos\u00e9e de professionnels poss\u00e9dant une vaste exp\u00e9rience et des connaissances sp\u00e9cifiques dans le secteur h\u00f4telier, unis pour d\u00e9velopper une initiative unique sur le march\u00e9 : des services de conseil n\u00e9cessaires \u00e0 la cr\u00e9ation et \u00e0 la mise en \u0153uvre de projets h\u00f4teliers.<\/p>\n<p>Notre travail sp\u00e9cialis\u00e9 dans les h\u00f4tels et restaurants obtient d&#8217;excellents r\u00e9sultats en termes de rentabilit\u00e9 et d&#8217;image.<\/p>\n<p>Faites-nous confiance pour sublimer le design de votre h\u00f4tel.<\/p>\n<p>&nbsp;<\/p>\n<div><a class=\"btn anim-button fl-l\" href=\"https:\/\/verumhd.com\/trabajos\/\" rel=\"noopener\"><span class=\"no-rep\">VOIR LE PORTEFEUILLE<\/span><i class=\"fa fa-long-arrow-right\"><\/i><\/a><\/div>\n<p>[\/vc_column_text][\/vc_column][\/vc_row][vc_row cth_layout=&#8221;monolit_page_sec&#8221; css=&#8221;.vc_custom_1706115646104{margin-top: -80px !important;}&#8221;][vc_column offset=&#8221;vc_hidden-lg vc_col-md-8 vc_hidden-md vc_hidden-sm&#8221;][vc_column_text]<\/p>\n<h1>NOUS TRANSFORMONS LES ESPACES<\/h1>\n<h1><strong>EN EXP\u00c9RIENCES INOUBLIABLES<\/strong><\/h1>\n<p>[\/vc_column_text][vc_empty_space height=&#8221;50px&#8221;][vc_column_text]Verum est une entreprise compos\u00e9e de professionnels poss\u00e9dant une vaste exp\u00e9rience et des connaissances sp\u00e9cifiques dans le secteur h\u00f4telier, unis pour d\u00e9velopper une initiative unique sur le march\u00e9 : des services de conseil n\u00e9cessaires \u00e0 la cr\u00e9ation et \u00e0 la mise en \u0153uvre de projets h\u00f4teliers.<\/p>\n<p>Notre travail sp\u00e9cialis\u00e9 dans les h\u00f4tels et restaurants obtient d&#8217;excellents r\u00e9sultats en termes de rentabilit\u00e9 et d&#8217;image.<\/p>\n<p>Faites-nous confiance pour sublimer le design de votre h\u00f4tel.<\/p>\n<p>&nbsp;<\/p>\n<div><a class=\"btn anim-button fl-l\" href=\"https:\/\/verumhd.com\/trabajos\/\" rel=\"noopener\"><span class=\"no-rep\">VOIR LE PORTEFEUILLE<\/span><i class=\"fa fa-long-arrow-right\"><\/i><\/a><\/div>\n<p>[\/vc_column_text][\/vc_column][vc_column offset=&#8221;vc_hidden-lg vc_col-md-4 vc_hidden-md vc_hidden-sm&#8221;][vc_empty_space height=&#8221;50px&#8221;][monolit_carousel_slider_multiimgs slideimages=&#8221;568,570,571&#8243;][\/vc_column][\/vc_row][vc_row el_id=&#8221;contacto&#8221;][vc_column][\/vc_column][\/vc_row]<\/p>\n","protected":false},"excerpt":{"rendered":"<p>[vc_row full_width=&#8221;stretch_row&#8221; cth_layout=&#8221;monolit_fullheight_sec&#8221; el_class=&#8221;no-bg-con&#8221;][vc_column css=&#8221;.vc_custom_1455730804223{padding-right: 0px !important;padding-left: 0px !important;}&#8221;][monolit_home_vimeo_video video=&#8221;906050399&#8243; bgimg=&#8221;665&#8243; opacity=&#8221;&#8221;] [\/monolit_home_vimeo_video][\/vc_column][\/vc_row][vc_row cth_layout=&#8221;monolit_page_sec&#8221; el_id=&#8221;sec1&#8243; css=&#8221;.vc_custom_1706115646104{margin-top: -80px !important;}&#8221;][vc_column offset=&#8221;vc_col-md-4 vc_hidden-xs&#8221;][monolit_carousel_slider_multiimgs slideimages=&#8221;568,570,571&#8243;][\/vc_column][vc_column offset=&#8221;vc_col-md-8 vc_hidden-xs&#8221;][vc_column_text] NOUS TRANSFORMONS LES ESPACES EN EXP\u00c9RIENCES INOUBLIABLES [\/vc_column_text][vc_column_text]Verum est une entreprise compos\u00e9e de professionnels poss\u00e9dant une vaste exp\u00e9rience et des connaissances sp\u00e9cifiques dans le secteur h\u00f4telier, unis pour d\u00e9velopper une initiative unique [&hellip;]<\/p>\n","protected":false},"author":2,"featured_media":0,"parent":0,"menu_order":0,"comment_status":"closed","ping_status":"closed","template":"homepage.php","meta":{"footnotes":""},"class_list":["post-1468","page","type-page","status-publish","hentry"],"yoast_head":"<!-- This site is optimized with the Yoast SEO plugin v27.1.1 - https:\/\/yoast.com\/product\/yoast-seo-wordpress\/ -->\n<title>Accueil - Verum Hotel Development<\/title>\n<meta name=\"description\" content=\"Accueil -Verum Hotel Development\" \/>\n<meta name=\"robots\" content=\"index, follow, max-snippet:-1, max-image-preview:large, max-video-preview:-1\" \/>\n<link rel=\"canonical\" href=\"https:\/\/verumhd.com\/\" \/>\n<meta property=\"og:locale\" content=\"fr_FR\" \/>\n<meta property=\"og:type\" content=\"article\" \/>\n<meta property=\"og:title\" content=\"Accueil - Verum Hotel Development\" \/>\n<meta property=\"og:description\" content=\"Accueil -Verum Hotel Development\" \/>\n<meta property=\"og:url\" content=\"https:\/\/verumhd.com\/\" \/>\n<meta property=\"og:site_name\" content=\"Verum Hotel Development\" \/>\n<meta property=\"article:modified_time\" content=\"2024-01-29T10:55:56+00:00\" \/>\n<meta name=\"twitter:card\" content=\"summary_large_image\" \/>\n<meta name=\"twitter:label1\" content=\"Est. reading time\" \/>\n\t<meta name=\"twitter:data1\" content=\"2 minutes\" \/>\n<!-- \/ Yoast SEO plugin. -->","yoast_head_json":{"title":"Accueil - Verum Hotel Development","description":"Accueil -Verum Hotel Development","robots":{"index":"index","follow":"follow","max-snippet":"max-snippet:-1","max-image-preview":"max-image-preview:large","max-video-preview":"max-video-preview:-1"},"canonical":"https:\/\/verumhd.com\/","og_locale":"fr_FR","og_type":"article","og_title":"Accueil - Verum Hotel Development","og_description":"Accueil -Verum Hotel Development","og_url":"https:\/\/verumhd.com\/","og_site_name":"Verum Hotel Development","article_modified_time":"2024-01-29T10:55:56+00:00","twitter_card":"summary_large_image","twitter_misc":{"Est. reading time":"2 minutes"},"schema":{"@context":"https:\/\/schema.org","@graph":[{"@type":"WebPage","@id":"https:\/\/verumhd.com\/","url":"https:\/\/verumhd.com\/","name":"Accueil - Verum Hotel Development","isPartOf":{"@id":"https:\/\/verumhd.com\/#website"},"datePublished":"2016-03-08T10:28:46+00:00","dateModified":"2024-01-29T10:55:56+00:00","description":"Accueil -Verum Hotel Development","breadcrumb":{"@id":"https:\/\/verumhd.com\/#breadcrumb"},"inLanguage":"fr-FR","potentialAction":[{"@type":"ReadAction","target":["https:\/\/verumhd.com\/"]}]},{"@type":"BreadcrumbList","@id":"https:\/\/verumhd.com\/#breadcrumb","itemListElement":[{"@type":"ListItem","position":1,"name":"Portada","item":"https:\/\/verumhd.com\/"},{"@type":"ListItem","position":2,"name":"Accueil"}]},{"@type":"WebSite","@id":"https:\/\/verumhd.com\/#website","url":"https:\/\/verumhd.com\/","name":"Verum Hotel Development","description":"Arquitectura y planificaci\u00f3n. Organizamos Proyectos de Hosteler\u00eda con caracter propio y alta rentabilidad.","potentialAction":[{"@type":"SearchAction","target":{"@type":"EntryPoint","urlTemplate":"https:\/\/verumhd.com\/?s={search_term_string}"},"query-input":{"@type":"PropertyValueSpecification","valueRequired":true,"valueName":"search_term_string"}}],"inLanguage":"fr-FR"}]}},"_links":{"self":[{"href":"https:\/\/verumhd.com\/fr\/wp-json\/wp\/v2\/pages\/1468","targetHints":{"allow":["GET"]}}],"collection":[{"href":"https:\/\/verumhd.com\/fr\/wp-json\/wp\/v2\/pages"}],"about":[{"href":"https:\/\/verumhd.com\/fr\/wp-json\/wp\/v2\/types\/page"}],"author":[{"embeddable":true,"href":"https:\/\/verumhd.com\/fr\/wp-json\/wp\/v2\/users\/2"}],"replies":[{"embeddable":true,"href":"https:\/\/verumhd.com\/fr\/wp-json\/wp\/v2\/comments?post=1468"}],"version-history":[{"count":2,"href":"https:\/\/verumhd.com\/fr\/wp-json\/wp\/v2\/pages\/1468\/revisions"}],"predecessor-version":[{"id":1584,"href":"https:\/\/verumhd.com\/fr\/wp-json\/wp\/v2\/pages\/1468\/revisions\/1584"}],"wp:attachment":[{"href":"https:\/\/verumhd.com\/fr\/wp-json\/wp\/v2\/media?parent=1468"}],"curies":[{"name":"wp","href":"https:\/\/api.w.org\/{rel}","templated":true}]}}