{"id":1586,"date":"2016-02-19T16:17:17","date_gmt":"2016-02-19T16:17:17","guid":{"rendered":"https:\/\/verumhd.com\/sobre-nosotros\/"},"modified":"2024-01-29T11:55:27","modified_gmt":"2024-01-29T11:55:27","slug":"a-propos-de-nous","status":"publish","type":"page","link":"https:\/\/verumhd.com\/fr\/a-propos-de-nous\/","title":{"rendered":"\u00c0 PROPOS DE NOUS"},"content":{"rendered":"<p>[vc_row cth_layout=&#8221;monolit_page_sec&#8221; sec_number=&#8221;01&#8243; el_id=&#8221;sec1&#8243;][vc_column offset=&#8221;vc_col-md-8&#8243;][vc_column_text]<\/p>\n<h2 class=\"section-title\">QUI SOMMES <strong> NOUS<\/strong><\/h2>\n<p>Nous sommes Verum Hotel Development, une entreprise compos\u00e9e de professionnels poss\u00e9dant une vaste exp\u00e9rience et des connaissances sp\u00e9cifiques dans le secteur h\u00f4telier.<\/p>\n<p>&nbsp;<\/p>\n<p>Unis pour d\u00e9velopper une initiative unique sur le march\u00e9.<\/p>\n<p>&nbsp;<\/p>\n<p><strong>Des services de conseil <\/strong>n\u00e9cessaires \u00e0 la cr\u00e9ation et \u00e0 la mise en \u0153uvre de <strong>projets h\u00f4teliers.<\/strong><\/p>\n<p>&nbsp;<\/p>\n<p>Engag\u00e9 \u00e0 fournir des solutions innovantes et efficaces et \u00e0 r\u00e9pondre aux normes de qualit\u00e9 les plus \u00e9lev\u00e9es.[\/vc_column_text][vc_column_text]<\/p>\n<blockquote>\n<h5><strong>&#8220;Nous multiplions la cr\u00e9ativit\u00e9 par l&#8217;exp\u00e9rience&#8221;<\/strong><\/h5>\n<\/blockquote>\n<p>[\/vc_column_text][\/vc_column][vc_column offset=&#8221;vc_col-md-4&#8243;][monolit_parallax_box box_pos=&#8221;center&#8221;]<img loading=\"lazy\" decoding=\"async\" class=\"respimg alignnone wp-image-570 size-medium\" src=\"http:\/\/verumhd.com\/wp-content\/uploads\/2023\/09\/hall-213x300.jpg\" alt=\"\" width=\"213\" height=\"300\" srcset=\"https:\/\/verumhd.com\/wp-content\/uploads\/2023\/09\/hall-213x300.jpg 213w, https:\/\/verumhd.com\/wp-content\/uploads\/2023\/09\/hall.jpg 425w\" sizes=\"auto, (max-width: 213px) 100vw, 213px\" \/>[\/monolit_parallax_box][\/vc_column][\/vc_row][vc_row cth_layout=&#8221;monolit_page_dark_sec&#8221; parallax_inner_op=&#8221;0.8&#8243; sec_number=&#8221;02&#8243; parallax_inner=&#8221;5&#8243; el_id=&#8221;sec2&#8243;][vc_column][vc_row_inner][vc_column_inner offset=&#8221;vc_col-md-4&#8243;][vc_column_text]<\/p>\n<h2 class=\"section-title\">Notre<strong> PHILOSOPHIE<\/strong><\/h2>\n<p>[\/vc_column_text][\/vc_column_inner][vc_column_inner offset=&#8221;vc_col-md-8&#8243;][vc_column_text]Notre objectif est de <strong>faciliter<\/strong> le processus de projet h\u00f4telier.<\/p>\n<p>Chez <strong>Verum<\/strong>, nous respectons l&#8217;engagement de r\u00e9aliser chaque projet dans les d\u00e9lais impartis avec le plus haut niveau <strong>d&#8217;excellence<\/strong> et au prix le plus comp\u00e9titif.<\/p>\n<p><strong>\u00a0<\/strong>[\/vc_column_text][\/vc_column_inner][\/vc_row_inner][\/vc_column][\/vc_row][vc_row cth_layout=&#8221;monolit_page_sec&#8221; sec_number=&#8221;03&#8243; el_id=&#8221;sec4&#8243;][vc_column][vc_column_text]<\/p>\n<h2 class=\"section-title dec-title\"><span class=\"no-rep\">Nos\u00a0<strong> SERVICES<\/strong><\/span><\/h2>\n<p>De la recherche et de l&#8217;\u00e9tude d&#8217;espaces partout dans le monde, jusqu&#8217;\u00e0 la livraison du projet fini.<\/p>\n<p>&nbsp;<\/p>\n<p><strong>\u00a0<\/strong>[\/vc_column_text][vc_row_inner][vc_column_inner width=&#8221;1\/2&#8243;][vc_column_text]<strong>Analyse de faisabilit\u00e9 du projet:<\/strong><\/p>\n<ul>\n<li>Recherche de localisation.<\/li>\n<li>\u00c9tudes de faisabilit\u00e9 superficielle et architecturale.<\/li>\n<li>Conceptualisation.<\/li>\n<li>\u00c9tudes de march\u00e9 et de faisabilit\u00e9 \u00e9conomico-financi\u00e8re.<\/li>\n<li>Rechercher des op\u00e9rateurs.<\/li>\n<li>La gestion d&#8217;actifs.<\/li>\n<\/ul>\n<p><strong>\u00a0<\/strong>[\/vc_column_text][\/vc_column_inner][vc_column_inner width=&#8221;1\/2&#8243;][vc_column_text]<strong> Conception et r\u00e9alisation du projet<\/strong><strong>:<\/strong><\/p>\n<ul>\n<li>Pr\u00e9paration de projets d&#8217;architecture et de design d&#8217;int\u00e9rieur.<\/li>\n<li>Urbanisme et am\u00e9nagement paysager.<\/li>\n<li>Meubles et \u00e9quipement.<\/li>\n<li>Conception de mod\u00e8les \u00e9conomiques.<\/li>\n<li>\u00c9clairage et efficacit\u00e9 \u00e9nerg\u00e9tique.<\/li>\n<li>R\u00e9habilitation et repositionnement.<\/li>\n<li>Gestion de projet.<\/li>\n<\/ul>\n<p>[\/vc_column_text][\/vc_column_inner][\/vc_row_inner][vc_empty_space][\/vc_column][\/vc_row][vc_row cth_layout=&#8221;monolit_page_dark_sec&#8221;][vc_column][vc_row_inner][vc_column_inner width=&#8221;1\/2&#8243;][vc_column_text]<\/p>\n<h2 class=\"section-title\">PROJETS <strong>CL\u00c9S EN MAIN <\/strong><\/h2>\n<p>[\/vc_column_text][vc_column_text]<\/p>\n<h4><span style=\"color: #ffffff;\">Desarrollo completo de proyectos hoteleros.<\/span><\/h4>\n<p>[\/vc_column_text][\/vc_column_inner][vc_column_inner width=&#8221;1\/2&#8243;][vc_empty_space][\/vc_column_inner][\/vc_row_inner][\/vc_column][\/vc_row][vc_row cth_layout=&#8221;monolit_page_sec&#8221; sec_number=&#8221;04&#8243; el_id=&#8221;sec3&#8243;][vc_column][vc_column_text]<\/p>\n<h2 class=\"section-title dec-title\"><span class=\"no-rep\">Notre\u00a0<strong> \u00c9quipe<\/strong><\/span><\/h2>\n<p>[\/vc_column_text][vc_row_inner][vc_column_inner width=&#8221;1\/2&#8243; offset=&#8221;vc_col-md-4&#8243;][monolit_member socials=&#8221;%5B%7B%7D%5D&#8221; parallax_value=&#8221;&#8221;]<\/p>\n<h3><span style=\"color: #000000;\"><strong>Jordi Cuenca<\/strong><\/span><\/h3>\n<h4><span style=\"color: #000000;\">CEO &#8211; D\u00e9corateur d&#8217;int\u00e9rieur<\/span><\/h4>\n<p>[\/monolit_member][\/vc_column_inner][vc_column_inner width=&#8221;1\/2&#8243; offset=&#8221;vc_col-md-4&#8243;][monolit_member socials=&#8221;%5B%7B%7D%5D&#8221; parallax_value=&#8221;&#8221;]<\/p>\n<h3><strong>Joan Rigola<\/strong><\/h3>\n<h4>Architecte Paysagiste<\/h4>\n<p>[\/monolit_member][\/vc_column_inner][vc_column_inner width=&#8221;1\/2&#8243; offset=&#8221;vc_col-md-4&#8243;][monolit_member socials=&#8221;%5B%7B%7D%5D&#8221; parallax_value=&#8221;&#8221;]<\/p>\n<h3><strong>Quadrifoli SL &#8211; Alex Olives<\/strong><\/h3>\n<h4>\u00c9quipements \u2013 Ing\u00e9nierie<\/h4>\n<p>[\/monolit_member][\/vc_column_inner][vc_column_inner width=&#8221;1\/2&#8243; offset=&#8221;vc_col-md-4&#8243;][monolit_member socials=&#8221;%5B%7B%7D%5D&#8221; parallax_value=&#8221;&#8221;]<\/p>\n<h3><strong>Marco Juli\u00e0 Egert<\/strong><\/h3>\n<h4>Architecte \u2013 Responsable de l&#8217;accueil<\/h4>\n<p>[\/monolit_member][\/vc_column_inner][vc_column_inner width=&#8221;1\/2&#8243; offset=&#8221;vc_col-md-4&#8243;][monolit_member socials=&#8221;%5B%7B%7D%5D&#8221; parallax_value=&#8221;&#8221;]<\/p>\n<h3><strong>Iris Brouwer<\/strong><\/h3>\n<h4>Marketing<\/h4>\n<p>[\/monolit_member][\/vc_column_inner][vc_column_inner width=&#8221;1\/2&#8243; offset=&#8221;vc_col-md-4&#8243;][monolit_member socials=&#8221;%5B%7B%7D%5D&#8221; parallax_value=&#8221;&#8221;]<\/p>\n<h3><strong>Virginia Gutierrez<\/strong><\/h3>\n<h4>Designer &#8211; IMS Comunicaci\u00f3n<\/h4>\n<p>[\/monolit_member][\/vc_column_inner][vc_column_inner width=&#8221;1\/2&#8243; offset=&#8221;vc_col-lg-4&#8243;][monolit_member socials=&#8221;%5B%7B%7D%5D&#8221; parallax_value=&#8221;&#8221;]<\/p>\n<h3><strong>Caterdata &#8211; Alfonso Pastor<\/strong><\/h3>\n<h4>Horeca<\/h4>\n<p>[\/monolit_member][\/vc_column_inner][vc_column_inner width=&#8221;1\/2&#8243; offset=&#8221;vc_col-lg-4&#8243;][monolit_member socials=&#8221;%5B%7B%7D%5D&#8221; parallax_value=&#8221;&#8221;]<\/p>\n<h3><strong>Luis Platon<\/strong><\/h3>\n<h4>Publiciste<\/h4>\n<p>[\/monolit_member][\/vc_column_inner][vc_column_inner width=&#8221;1\/2&#8243; offset=&#8221;vc_col-lg-4&#8243;][monolit_member socials=&#8221;%5B%7B%7D%5D&#8221; parallax_value=&#8221;&#8221;]<\/p>\n<h3>Rafael Is\u00fan<\/h3>\n<h4>Architecte \u2013 Professionnel h\u00f4telier<\/h4>\n<p>[\/monolit_member][\/vc_column_inner][vc_column_inner width=&#8221;1\/2&#8243; offset=&#8221;vc_col-lg-4&#8243;][monolit_member socials=&#8221;%5B%7B%7D%5D&#8221; parallax_value=&#8221;&#8221;]<\/p>\n<h3><strong>Guillermo Perez\u00a0<\/strong><\/h3>\n<h4>H\u00f4telier<\/h4>\n<p>[\/monolit_member][\/vc_column_inner][vc_column_inner width=&#8221;1\/2&#8243; offset=&#8221;vc_col-lg-4&#8243;][monolit_member socials=&#8221;%5B%7B%7D%5D&#8221; parallax_value=&#8221;&#8221;]<\/p>\n<h3><strong>Toni Olaya<\/strong><\/h3>\n<h4>Usine UDA architecture<\/h4>\n<p>[\/monolit_member][\/vc_column_inner][vc_column_inner width=&#8221;1\/2&#8243; offset=&#8221;vc_col-lg-4&#8243;][monolit_member socials=&#8221;%5B%7B%7D%5D&#8221; parallax_value=&#8221;&#8221;]<\/p>\n<h3><strong>Kim Castells\u00a0<\/strong><\/h3>\n<h4>Photographe<\/h4>\n<p>[\/monolit_member][\/vc_column_inner][vc_column_inner width=&#8221;1\/2&#8243; offset=&#8221;vc_col-lg-4&#8243;][monolit_member socials=&#8221;%5B%7B%7D%5D&#8221; parallax_value=&#8221;&#8221;]<\/p>\n<h3><strong>Luis Fernandez Garc\u00eda\u00a0<\/strong><\/h3>\n<h4>H\u00f4telier<\/h4>\n<p>[\/monolit_member][\/vc_column_inner][vc_column_inner width=&#8221;1\/2&#8243; offset=&#8221;vc_col-lg-4&#8243;][monolit_member socials=&#8221;%5B%7B%7D%5D&#8221; parallax_value=&#8221;&#8221;]<\/p>\n<h3><strong>Toni Salvador\u00a0<\/strong><\/h3>\n<h4>Technicien d&#8217;Illumination<\/h4>\n<p>[\/monolit_member][\/vc_column_inner][vc_column_inner width=&#8221;1\/2&#8243; offset=&#8221;vc_col-lg-4&#8243;][monolit_member socials=&#8221;%5B%7B%7D%5D&#8221; parallax_value=&#8221;&#8221;]<\/p>\n<h3><strong> Francisco Vargas\u00a0<\/strong><\/h3>\n<h4>Tesipro<\/h4>\n<p>[\/monolit_member][\/vc_column_inner][vc_column_inner width=&#8221;1\/2&#8243; offset=&#8221;vc_col-lg-4&#8243;][monolit_member socials=&#8221;%5B%7B%7D%5D&#8221; parallax_value=&#8221;&#8221;]<\/p>\n<h3><strong> Eva Pint\u00f3\u00a0<\/strong><\/h3>\n<h4>Avocate<\/h4>\n<p>[\/monolit_member][\/vc_column_inner][\/vc_row_inner][\/vc_column][\/vc_row]<\/p>\n","protected":false},"excerpt":{"rendered":"<p>[vc_row cth_layout=&#8221;monolit_page_sec&#8221; sec_number=&#8221;01&#8243; el_id=&#8221;sec1&#8243;][vc_column offset=&#8221;vc_col-md-8&#8243;][vc_column_text] QUI SOMMES NOUS Nous sommes Verum Hotel Development, une entreprise compos\u00e9e de professionnels poss\u00e9dant une vaste exp\u00e9rience et des connaissances sp\u00e9cifiques dans le secteur h\u00f4telier. &nbsp; Unis pour d\u00e9velopper une initiative unique sur le march\u00e9. &nbsp; Des services de conseil n\u00e9cessaires \u00e0 la cr\u00e9ation et \u00e0 la mise en \u0153uvre [&hellip;]<\/p>\n","protected":false},"author":2,"featured_media":0,"parent":0,"menu_order":0,"comment_status":"closed","ping_status":"closed","template":"page-fullwidth.php","meta":{"footnotes":""},"class_list":["post-1586","page","type-page","status-publish","hentry"],"yoast_head":"<!-- This site is optimized with the Yoast SEO plugin v27.1.1 - https:\/\/yoast.com\/product\/yoast-seo-wordpress\/ -->\n<title>\u00c0 PROPOS DE NOUS - Verum Hotel Development<\/title>\n<meta name=\"description\" content=\"\u00c0 PROPOS DE NOUS -Verum Hotel Development\" \/>\n<meta name=\"robots\" content=\"index, follow, max-snippet:-1, max-image-preview:large, max-video-preview:-1\" \/>\n<link rel=\"canonical\" href=\"https:\/\/verumhd.com\/sobre-nosotros\/\" \/>\n<meta property=\"og:locale\" content=\"fr_FR\" \/>\n<meta property=\"og:type\" content=\"article\" \/>\n<meta property=\"og:title\" content=\"\u00c0 PROPOS DE NOUS - Verum Hotel Development\" \/>\n<meta property=\"og:description\" content=\"\u00c0 PROPOS DE NOUS -Verum Hotel Development\" \/>\n<meta property=\"og:url\" content=\"https:\/\/verumhd.com\/sobre-nosotros\/\" \/>\n<meta property=\"og:site_name\" content=\"Verum Hotel Development\" \/>\n<meta property=\"article:modified_time\" content=\"2024-01-29T11:55:27+00:00\" \/>\n<meta property=\"og:image\" content=\"https:\/\/verumhd.com\/wp-content\/uploads\/2023\/09\/hall.jpg\" \/>\n\t<meta property=\"og:image:width\" content=\"425\" \/>\n\t<meta property=\"og:image:height\" content=\"599\" \/>\n\t<meta property=\"og:image:type\" content=\"image\/jpeg\" \/>\n<meta name=\"twitter:card\" content=\"summary_large_image\" \/>\n<meta name=\"twitter:label1\" content=\"Est. reading time\" \/>\n\t<meta name=\"twitter:data1\" content=\"4 minutes\" \/>\n<!-- \/ Yoast SEO plugin. -->","yoast_head_json":{"title":"\u00c0 PROPOS DE NOUS - Verum Hotel Development","description":"\u00c0 PROPOS DE NOUS -Verum Hotel Development","robots":{"index":"index","follow":"follow","max-snippet":"max-snippet:-1","max-image-preview":"max-image-preview:large","max-video-preview":"max-video-preview:-1"},"canonical":"https:\/\/verumhd.com\/sobre-nosotros\/","og_locale":"fr_FR","og_type":"article","og_title":"\u00c0 PROPOS DE NOUS - Verum Hotel Development","og_description":"\u00c0 PROPOS DE NOUS -Verum Hotel Development","og_url":"https:\/\/verumhd.com\/sobre-nosotros\/","og_site_name":"Verum Hotel Development","article_modified_time":"2024-01-29T11:55:27+00:00","og_image":[{"width":425,"height":599,"url":"https:\/\/verumhd.com\/wp-content\/uploads\/2023\/09\/hall.jpg","type":"image\/jpeg"}],"twitter_card":"summary_large_image","twitter_misc":{"Est. reading time":"4 minutes"},"schema":{"@context":"https:\/\/schema.org","@graph":[{"@type":"WebPage","@id":"https:\/\/verumhd.com\/sobre-nosotros\/","url":"https:\/\/verumhd.com\/sobre-nosotros\/","name":"\u00c0 PROPOS DE NOUS - Verum Hotel Development","isPartOf":{"@id":"https:\/\/verumhd.com\/#website"},"primaryImageOfPage":{"@id":"https:\/\/verumhd.com\/sobre-nosotros\/#primaryimage"},"image":{"@id":"https:\/\/verumhd.com\/sobre-nosotros\/#primaryimage"},"thumbnailUrl":"http:\/\/verumhd.com\/wp-content\/uploads\/2023\/09\/hall-213x300.jpg","datePublished":"2016-02-19T16:17:17+00:00","dateModified":"2024-01-29T11:55:27+00:00","description":"\u00c0 PROPOS DE NOUS -Verum Hotel Development","breadcrumb":{"@id":"https:\/\/verumhd.com\/sobre-nosotros\/#breadcrumb"},"inLanguage":"fr-FR","potentialAction":[{"@type":"ReadAction","target":["https:\/\/verumhd.com\/sobre-nosotros\/"]}]},{"@type":"ImageObject","inLanguage":"fr-FR","@id":"https:\/\/verumhd.com\/sobre-nosotros\/#primaryimage","url":"http:\/\/verumhd.com\/wp-content\/uploads\/2023\/09\/hall-213x300.jpg","contentUrl":"http:\/\/verumhd.com\/wp-content\/uploads\/2023\/09\/hall-213x300.jpg"},{"@type":"BreadcrumbList","@id":"https:\/\/verumhd.com\/sobre-nosotros\/#breadcrumb","itemListElement":[{"@type":"ListItem","position":1,"name":"Portada","item":"https:\/\/verumhd.com\/"},{"@type":"ListItem","position":2,"name":"\u00c0 PROPOS DE NOUS"}]},{"@type":"WebSite","@id":"https:\/\/verumhd.com\/#website","url":"https:\/\/verumhd.com\/","name":"Verum Hotel Development","description":"Arquitectura y planificaci\u00f3n. Organizamos Proyectos de Hosteler\u00eda con caracter propio y alta rentabilidad.","potentialAction":[{"@type":"SearchAction","target":{"@type":"EntryPoint","urlTemplate":"https:\/\/verumhd.com\/?s={search_term_string}"},"query-input":{"@type":"PropertyValueSpecification","valueRequired":true,"valueName":"search_term_string"}}],"inLanguage":"fr-FR"}]}},"_links":{"self":[{"href":"https:\/\/verumhd.com\/fr\/wp-json\/wp\/v2\/pages\/1586","targetHints":{"allow":["GET"]}}],"collection":[{"href":"https:\/\/verumhd.com\/fr\/wp-json\/wp\/v2\/pages"}],"about":[{"href":"https:\/\/verumhd.com\/fr\/wp-json\/wp\/v2\/types\/page"}],"author":[{"embeddable":true,"href":"https:\/\/verumhd.com\/fr\/wp-json\/wp\/v2\/users\/2"}],"replies":[{"embeddable":true,"href":"https:\/\/verumhd.com\/fr\/wp-json\/wp\/v2\/comments?post=1586"}],"version-history":[{"count":2,"href":"https:\/\/verumhd.com\/fr\/wp-json\/wp\/v2\/pages\/1586\/revisions"}],"predecessor-version":[{"id":1590,"href":"https:\/\/verumhd.com\/fr\/wp-json\/wp\/v2\/pages\/1586\/revisions\/1590"}],"wp:attachment":[{"href":"https:\/\/verumhd.com\/fr\/wp-json\/wp\/v2\/media?parent=1586"}],"curies":[{"name":"wp","href":"https:\/\/api.w.org\/{rel}","templated":true}]}}