{"id":1605,"date":"2023-10-18T11:50:19","date_gmt":"2023-10-18T11:50:19","guid":{"rendered":"https:\/\/verumhd.com\/politica-de-cookies\/"},"modified":"2024-01-29T12:14:10","modified_gmt":"2024-01-29T12:14:10","slug":"politique-de-cookies","status":"publish","type":"page","link":"https:\/\/verumhd.com\/fr\/politique-de-cookies\/","title":{"rendered":"Politique de cookies"},"content":{"rendered":"<h2 class=\"wp-block-heading\">INFORMACI\u00d3N DEL USO DE COOKIES<\/h2>\n<p><strong>\u00a0<\/strong><\/p>\n<p><strong>\u00bfQu\u00e9 son las cookies?<\/strong><\/p>\n<p>Las cookies son peque\u00f1os archivos de datos que se reciben en el terminal desde el sitio Web visitado y se usan para registrar ciertas interacciones de la navegaci\u00f3n en un sitio Web almacenando datos que podr\u00e1n ser actualizados y recuperados. Estos archivos se almacenan en el ordenador del usuario y contiene datos an\u00f3nimos que no son perjudiciales para su equipo. Se utilizan para recordar las preferencias del usuario, como el idioma seleccionado, datos de acceso o personalizaci\u00f3n de la p\u00e1gina.<\/p>\n<p>Las Cookies tambi\u00e9n pueden ser utilizadas para registrar informaci\u00f3n an\u00f3nima acerca de c\u00f3mo un visitante utiliza un sitio. Por ejemplo, desde qu\u00e9 p\u00e1gina Web ha accedido, o si ha utilizado un \u00abbanner\u00bb publicitario para llegar.<\/p>\n<p>&nbsp;<\/p>\n<p><strong>\u00bfQu\u00e9 uso le damos a los diferentes tipos de cookies?<\/strong><\/p>\n<p><strong>\u00a0<\/strong><\/p>\n<p><strong>Seg\u00fan su finalidad:<\/strong><strong>\u00a0<\/strong><\/p>\n<table>\n<tbody>\n<tr>\n<td><strong>Cookies t\u00e9cnicas<\/strong><\/td>\n<td>Las cookies t\u00e9cnicas son aquellas facilitan la navegaci\u00f3n del usuario y la utilizaci\u00f3n de las diferentes opciones o servicios que ofrece la web como identificar la sesi\u00f3n, permitir el acceso a determinadas \u00e1reas, facilitar pedidos, compras, cumplimentaci\u00f3n de formularios, inscripciones, seguridad, facilitar funcionalidades (videos, redes sociales\u2026).<\/p>\n<p>&nbsp;<\/td>\n<\/tr>\n<tr>\n<td><strong>\u00a0<\/strong><strong>Cookies de personalizaci\u00f3n<\/strong><\/td>\n<td>Las cookies de personalizaci\u00f3n permiten al usuario acceder a los servicios seg\u00fan sus preferencias (idioma, navegador, configuraci\u00f3n\u2026).<\/p>\n<p>&nbsp;<\/td>\n<\/tr>\n<tr>\n<td><strong>\u00a0<\/strong><strong>Cookies anal\u00edticas<\/strong><\/td>\n<td>Las cookies de an\u00e1lisis son las utilizadas para llevar a cabo el an\u00e1lisis an\u00f3nimo del comportamiento de los usuarios de la web y que permiten medir la actividad del usuario y elaborar perfiles de navegaci\u00f3n con el fin objetivo de mejorar los sitios web.<\/p>\n<p>&nbsp;<\/td>\n<\/tr>\n<tr>\n<td><strong>\u00a0<\/strong><strong>Cookies publicitarias<\/strong><\/td>\n<td>Las cookies publicitarias permiten la gesti\u00f3n de los espacios publicitarios de la web. Adem\u00e1s, estas cookies pueden ser de publicidad personalizada y permitir as\u00ed la gesti\u00f3n de los espacios publicitarios de la web en base al comportamiento y h\u00e1bitos de navegaci\u00f3n de usuario, de donde se obtiene su perfil y permiten personalizar la publicidad que se muestra en el navegador del usuario u otros perfiles y redes sociales del usuario.<\/td>\n<\/tr>\n<\/tbody>\n<\/table>\n<p>&nbsp;<\/p>\n<p><strong>Seg\u00fan su plazo:<\/strong><\/p>\n<table>\n<tbody>\n<tr>\n<td><strong>Cookies de sesi\u00f3n<\/strong><\/td>\n<td>Las cookies de sesi\u00f3n son aquellas que duran el tiempo que el usuario est\u00e1 navegando por la p\u00e1gina Web y se borran al cerrar el navegador.<\/p>\n<p>&nbsp;<\/td>\n<\/tr>\n<tr>\n<td><strong>\u00a0<\/strong><strong>Cookies persistentes<\/strong><\/td>\n<td>Estas cookies quedan almacenadas en el terminal del usuario hasta que son eliminadas manualmente o haya concluido el periodo de duraci\u00f3n establecido para dicha cookie.<\/p>\n<p>&nbsp;<\/td>\n<\/tr>\n<\/tbody>\n<\/table>\n<p>&nbsp;<\/p>\n<p><strong>Seg\u00fan su titularidad:<\/strong><\/p>\n<table>\n<tbody>\n<tr>\n<td><strong>\u00a0<\/strong><strong>Cookies propias<\/strong><\/td>\n<td>Aqu\u00e9llas que se env\u00edan al equipo terminal del usuario desde un equipo o dominio gestionado por el propio editor y desde el que se presta el servicio solicitado por el usuario.<\/p>\n<p>&nbsp;<\/td>\n<\/tr>\n<tr>\n<td><strong>Cookies de terceros<\/strong><\/td>\n<td>Aqu\u00e9llas que se env\u00edan al equipo terminal del usuario desde un equipo o dominio que no es gestionado por el editor, sino por otra entidad que trata los datos obtenidos trav\u00e9s de las cookies.<\/p>\n<p>&nbsp;<\/td>\n<\/tr>\n<\/tbody>\n<\/table>\n<p>&nbsp;<\/p>\n<p><strong>La siguiente tabla recoge la clasificaci\u00f3n y descripci\u00f3n de las cookies utilizadas en la presente p\u00e1gina web para que puedas identificarlas en tu navegador:<\/strong><\/p>\n<p>&nbsp;<\/p>\n<p>&nbsp;<\/p>\n<table width=\"100%\">\n<tbody>\n<tr>\n<td><strong>Nombre<\/strong><\/td>\n<td><strong>Titular<\/strong><\/td>\n<td><strong>Datos recabados<\/strong><\/td>\n<td><strong>Finalidad<\/strong><\/td>\n<td><strong>Duraci\u00f3n<\/strong><\/td>\n<\/tr>\n<tr>\n<td><strong>_ga<\/strong><\/td>\n<td>Cookie propia<\/td>\n<td>Esta cookie genera un ID de usuario an\u00f3nimo, que es el empleado para hacer recuento de cu\u00e1ntas veces un mismo usuario visita el sitio Web, as\u00ed como cu\u00e1ndo fue la primera y la \u00faltima vez que el usuario accedi\u00f3 al mismo. Al tiempo, calcula cu\u00e1ndo se ha terminado una sesi\u00f3n, detecta el origen del usuario y palabras clave.<\/td>\n<td>Anal\u00edtica<\/td>\n<td>1 a\u00f1o.<\/td>\n<\/tr>\n<tr>\n<td><strong>redux_current_tab<\/strong><br \/>\n<strong>redux_current_tab_get<\/strong><br \/>\n<strong>redux_current_tab_monolit_options<\/strong><\/td>\n<td>Cookie propia<\/td>\n<td>Cookie para mejorar el movimiento del usuario en el sitio.<\/td>\n<td>T\u00e9cnica<\/td>\n<td>1 dia.<\/td>\n<\/tr>\n<tr>\n<td><strong>__Secure-1PAPISID<br \/>\n__Secure-1PSID<br \/>\n__Secure-1PSIDCC<br \/>\n__Secure-3PSIDCC<\/strong><\/td>\n<td>Cookie terceros<br \/>\n(www.google.com)<\/td>\n<td>Cookie necesaria para la utilizaci\u00f3n de las opciones y servicios del sitio web.<\/td>\n<td>T\u00e9cnica<\/td>\n<td>1 a\u00f1o.<\/td>\n<\/tr>\n<tr>\n<td><strong>__Secure-3PSID<br \/>\n__Secure-3PSIDTS<br \/>\n__Secure-1PSIDTS<br \/>\n__Secure-3PAPISID<\/strong><\/td>\n<td>Cookie terceros<br \/>\n(www.google.com)<\/td>\n<td>Estas cookies se utilizan para entregar anuncios m\u00e1s relevantes para usted y sus intereses.<\/td>\n<td>Anal\u00edtica<\/td>\n<td>1 a\u00f1o.<\/td>\n<\/tr>\n<tr>\n<td><strong>SID<br \/>\nSSID<br \/>\nSIDCC<br \/>\nAPISID<br \/>\nHSID<br \/>\nSAPISID<\/strong><\/td>\n<td>Cookie terceros<br \/>\n(www.google.com)<\/td>\n<td>Descargar ciertas herramientas de Google y guardar ciertas preferencias, por ejemplo, el n\u00famero de resultados de la b\u00fasqueda por hoja o la activaci\u00f3n del filtro SafeSearch. Ajusta los anuncios que aparecen en la b\u00fasqueda de Google.<\/td>\n<td>Anal\u00edtica<\/td>\n<td>1 a\u00f1o.<\/td>\n<\/tr>\n<tr>\n<td><strong>NID<\/strong><\/td>\n<td>Cookie terceros<br \/>\n(www.google.com)<\/td>\n<td>Estas cookies se utilizan para recopilar estad\u00edsticas del sitio web y rastrear las tasas de conversi\u00f3n y la personalizaci\u00f3n de anuncios de Google.<\/td>\n<td>Anal\u00edtica<\/td>\n<td>6 meses.<\/td>\n<\/tr>\n<tr>\n<td><strong>AEC<\/strong><\/td>\n<td>Cookie terceros<br \/>\n(www.google.com)<\/td>\n<td>Asegura que las solicitudes dentro de una sesi\u00f3n de navegaci\u00f3n sean realizadas por el usuario, y no por otros sitios. Esta cookie evita que los sitios maliciosos act\u00faen en nombre de un usuario sin el conocimiento de ese usuario.<\/td>\n<td>T\u00e9cnica<\/td>\n<td>6 meses.<\/td>\n<\/tr>\n<tr>\n<td><strong>SEARCH_SAMESITE<\/strong><\/td>\n<td>Cookie terceros<br \/>\n(www.google.com)<\/td>\n<td>SameSite evita que el navegador env\u00ede esta cookie junto con las solicitudes entre sitios. El objetivo principal es mitigar el riesgo de fuga de informaci\u00f3n de origen cruzado. Tambi\u00e9n proporciona cierta protecci\u00f3n contra ataques de falsificaci\u00f3n de solicitudes entre sitios.<\/td>\n<td>T\u00e9cnica<\/td>\n<td>6 meses.<\/td>\n<\/tr>\n<tr>\n<td><strong>OGPC<\/strong><\/td>\n<td>Cookie terceros<br \/>\n(www.google.com)<\/td>\n<td>Esta cookie es utilizada por Google para proveer servicios y extraer informaci\u00f3n an\u00f3nima sobre la navegaci\u00f3n.<\/td>\n<td>Anal\u00edtica<\/td>\n<td>1 mes.<\/td>\n<\/tr>\n<tr>\n<td><strong>1P_JAR<\/strong><\/td>\n<td>Cookie terceros<br \/>\n(www.google.com)<\/td>\n<td>Almacenamiento de las preferencias de usuario de google.<\/td>\n<td>Anal\u00edtica<\/td>\n<td>15 dias.<\/td>\n<\/tr>\n<tr>\n<td><strong>CONSENT<\/strong><\/td>\n<td>Cookie terceros<br \/>\n(www.google.com)<\/td>\n<td>Cookie de Google Maps. Permite el funcionamiento del mapa de Google en la p\u00e1gina de contacto de la p\u00e1gina web.<\/td>\n<td>Anal\u00edtica<\/td>\n<td>1 a\u00f1o.<\/td>\n<\/tr>\n<tr>\n<td><strong>OTZ<\/strong><\/td>\n<td>Cookie terceros<br \/>\n(www.google.com)<\/td>\n<td>Cookie que identifica las preferencias del usuario.<\/td>\n<td>Anal\u00edtica<\/td>\n<td>1 mes.<\/td>\n<\/tr>\n<tr>\n<td><strong>SOCS<\/strong><\/td>\n<td>Cookie terceros<br \/>\n(www.google.com)<\/td>\n<td>Funci\u00f3n de almacenar el estado del usuario en relaci\u00f3n con sus elecciones de cookies.<\/td>\n<td>T\u00e9cnica<\/td>\n<td>1 a\u00f1o.<\/td>\n<\/tr>\n<tr>\n<td><strong>vuid<\/strong><\/td>\n<td>Cookie terceros<br \/>\n(www.vimeo.com)<\/td>\n<td>Esta es una cookie de Vimeo utilizada para el reproductor de video en nuestro sitio web. La utiliza Vimeo para almacenar el identificador del usuario.<\/td>\n<td>T\u00e9cnica<\/td>\n<td>2 a\u00f1os.<\/td>\n<\/tr>\n<tr>\n<td><strong>__cf_bm <\/strong><\/td>\n<td>Cookie terceros<br \/>\n(www.vimeo.com)<\/td>\n<td>Esta cookie se usa para leer y filtrar peticiones desde bots<\/td>\n<td>T\u00e9cnica<\/td>\n<td>1 dia.<\/td>\n<\/tr>\n<\/tbody>\n<\/table>\n<p>&nbsp;<\/p>\n<p><strong>VERUM HOTEL DEVELOPMENT S.L <\/strong>utiliza cookies t\u00e9cnicas, de personalizaci\u00f3n, de an\u00e1lisis, propias que tratan datos de conexi\u00f3n y\/o del dispositivo, as\u00ed como h\u00e1bitos de navegaci\u00f3n para fines estad\u00edsticos.<\/p>\n<p>Por ello, al acceder a nuestra web, en cumplimiento del art\u00edculo 22 de la Ley de Servicios de la Sociedad de la Informaci\u00f3n le hemos solicitado su consentimiento para su uso.<\/p>\n<p>El suministro de datos personales a trav\u00e9s de nuestro portal y el consentimiento para el uso de cookies\u00a0<u>requiere una edad m\u00ednima de 14 a\u00f1os<\/u>\u00a0y la aceptaci\u00f3n expresa de nuestra Pol\u00edtica de Privacidad.<\/p>\n<p><strong>De todas formas, le informamos que puede activar o desactivar las cookies siguiendo las instrucciones de su navegador de Internet:<\/strong><\/p>\n<p>&nbsp;<\/p>\n<table>\n<tbody>\n<tr>\n<td><strong>Chrome<\/strong><\/p>\n<p><strong>\u00a0<\/strong><\/td>\n<td>Configuraci\u00f3n \u2192\u00a0Mostrar opciones avanzadas\u2192 Privacidad \u2192 Configuraci\u00f3n de contenido.<\/td>\n<td><a href=\"http:\/\/support.google.com\/\">support.google.com<\/a><\/p>\n<p>&nbsp;<\/td>\n<td><\/td>\n<\/tr>\n<tr>\n<td><strong>\u00a0<\/strong><\/p>\n<p><strong>Firefox<\/strong><\/p>\n<p><strong>\u00a0<\/strong><\/td>\n<td>Herramientas \u2192 Opciones \u2192 Privacidad \u2192 Historial\u2192 Configuraci\u00f3n Personalizada.<\/td>\n<td><a href=\"http:\/\/support.mozilla.org\/\">support.mozilla.org<\/a><\/td>\n<td><\/td>\n<\/tr>\n<tr>\n<td><strong>Internet Explorer<\/strong><\/p>\n<p><strong>\u00a0<\/strong><\/td>\n<td>Herramientas \u2192 Opciones de Internet \u2192 Privacidad \u2192 Configuraci\u00f3n.<\/p>\n<p>&nbsp;<\/td>\n<td><a href=\"http:\/\/windows.microsoft.com\/\">windows.microsoft.com<\/a><\/td>\n<td><\/td>\n<\/tr>\n<tr>\n<td><strong>Opera<\/strong><\/p>\n<p><strong>\u00a0<\/strong><\/td>\n<td>Herramientas \u2192 Preferencias \u2192 Editar preferencias \u2192 Cookies.<\/p>\n<p>&nbsp;<\/td>\n<td><a href=\"http:\/\/www.opera.com\/help\/tutorials\/security\/cookies\/\">http:\/\/www.opera.com\/help\/tutorials\/security\/cookies\/<\/a><\/td>\n<td><\/td>\n<\/tr>\n<tr>\n<td><strong>\u00a0<\/strong><\/p>\n<p><strong>Safari<\/strong><\/p>\n<p><strong>\u00a0<\/strong><\/td>\n<td>Preferencias \u2192 Seguridad.<\/p>\n<p>&nbsp;<\/td>\n<td><a href=\"http:\/\/www.apple.com\/\">http:\/\/www.apple.com<\/a><\/td>\n<td><\/td>\n<\/tr>\n<tr>\n<td><strong>Edge<\/strong><\/p>\n<p><strong>\u00a0<\/strong><\/td>\n<td>Configuraci\u00f3n \u2192 Ver configuraci\u00f3n avanzada \u2192 Privacidad y servicios \u2192 Cookies.<\/p>\n<p>&nbsp;<\/td>\n<td><a href=\"https:\/\/privacy.microsoft.com\/es-es\/windows-10-microsoft-edge-and-privacy\">https:\/\/privacy.microsoft.com\/es-es\/windows-10-microsoft-edge-and-privacy<\/a><\/p>\n<p>&nbsp;<\/td>\n<td><\/td>\n<\/tr>\n<\/tbody>\n<\/table>\n<p>&nbsp;<\/p>\n<p>&nbsp;<\/p>\n<p>&nbsp;<\/p>\n<p>&nbsp;<\/p>\n<p>&nbsp;<\/p>\n","protected":false},"excerpt":{"rendered":"<p>INFORMACI\u00d3N DEL USO DE COOKIES \u00a0 \u00bfQu\u00e9 son las cookies? Las cookies son peque\u00f1os archivos de datos que se reciben en el terminal desde el sitio Web visitado y se usan para registrar ciertas interacciones de la navegaci\u00f3n en un sitio Web almacenando datos que podr\u00e1n ser actualizados y recuperados. Estos archivos se almacenan en [&hellip;]<\/p>\n","protected":false},"author":2,"featured_media":0,"parent":0,"menu_order":0,"comment_status":"closed","ping_status":"open","template":"page-nosidebar.php","meta":{"footnotes":""},"class_list":["post-1605","page","type-page","status-publish","hentry"],"yoast_head":"<!-- This site is optimized with the Yoast SEO plugin v27.1.1 - https:\/\/yoast.com\/product\/yoast-seo-wordpress\/ -->\n<title>Politique de cookies - Verum Hotel Development<\/title>\n<meta name=\"description\" content=\"Politique de cookies -Verum Hotel Development\" \/>\n<meta name=\"robots\" content=\"index, follow, max-snippet:-1, max-image-preview:large, max-video-preview:-1\" \/>\n<link rel=\"canonical\" href=\"https:\/\/verumhd.com\/politica-de-cookies\/\" \/>\n<meta property=\"og:locale\" content=\"fr_FR\" \/>\n<meta property=\"og:type\" content=\"article\" \/>\n<meta property=\"og:title\" content=\"Politique de cookies - Verum Hotel Development\" \/>\n<meta property=\"og:description\" content=\"Politique de cookies -Verum Hotel Development\" \/>\n<meta property=\"og:url\" content=\"https:\/\/verumhd.com\/politica-de-cookies\/\" \/>\n<meta property=\"og:site_name\" content=\"Verum Hotel Development\" \/>\n<meta property=\"article:modified_time\" content=\"2024-01-29T12:14:10+00:00\" \/>\n<meta name=\"twitter:card\" content=\"summary_large_image\" \/>\n<meta name=\"twitter:label1\" content=\"Est. reading time\" \/>\n\t<meta name=\"twitter:data1\" content=\"6 minutes\" \/>\n<!-- \/ Yoast SEO plugin. -->","yoast_head_json":{"title":"Politique de cookies - Verum Hotel Development","description":"Politique de cookies -Verum Hotel Development","robots":{"index":"index","follow":"follow","max-snippet":"max-snippet:-1","max-image-preview":"max-image-preview:large","max-video-preview":"max-video-preview:-1"},"canonical":"https:\/\/verumhd.com\/politica-de-cookies\/","og_locale":"fr_FR","og_type":"article","og_title":"Politique de cookies - Verum Hotel Development","og_description":"Politique de cookies -Verum Hotel Development","og_url":"https:\/\/verumhd.com\/politica-de-cookies\/","og_site_name":"Verum Hotel Development","article_modified_time":"2024-01-29T12:14:10+00:00","twitter_card":"summary_large_image","twitter_misc":{"Est. reading time":"6 minutes"},"schema":{"@context":"https:\/\/schema.org","@graph":[{"@type":"WebPage","@id":"https:\/\/verumhd.com\/politica-de-cookies\/","url":"https:\/\/verumhd.com\/politica-de-cookies\/","name":"Politique de cookies - Verum Hotel Development","isPartOf":{"@id":"https:\/\/verumhd.com\/#website"},"datePublished":"2023-10-18T11:50:19+00:00","dateModified":"2024-01-29T12:14:10+00:00","description":"Politique de cookies -Verum Hotel Development","breadcrumb":{"@id":"https:\/\/verumhd.com\/politica-de-cookies\/#breadcrumb"},"inLanguage":"fr-FR","potentialAction":[{"@type":"ReadAction","target":["https:\/\/verumhd.com\/politica-de-cookies\/"]}]},{"@type":"BreadcrumbList","@id":"https:\/\/verumhd.com\/politica-de-cookies\/#breadcrumb","itemListElement":[{"@type":"ListItem","position":1,"name":"Portada","item":"https:\/\/verumhd.com\/"},{"@type":"ListItem","position":2,"name":"Politique de cookies"}]},{"@type":"WebSite","@id":"https:\/\/verumhd.com\/#website","url":"https:\/\/verumhd.com\/","name":"Verum Hotel Development","description":"Arquitectura y planificaci\u00f3n. Organizamos Proyectos de Hosteler\u00eda con caracter propio y alta rentabilidad.","potentialAction":[{"@type":"SearchAction","target":{"@type":"EntryPoint","urlTemplate":"https:\/\/verumhd.com\/?s={search_term_string}"},"query-input":{"@type":"PropertyValueSpecification","valueRequired":true,"valueName":"search_term_string"}}],"inLanguage":"fr-FR"}]}},"_links":{"self":[{"href":"https:\/\/verumhd.com\/fr\/wp-json\/wp\/v2\/pages\/1605","targetHints":{"allow":["GET"]}}],"collection":[{"href":"https:\/\/verumhd.com\/fr\/wp-json\/wp\/v2\/pages"}],"about":[{"href":"https:\/\/verumhd.com\/fr\/wp-json\/wp\/v2\/types\/page"}],"author":[{"embeddable":true,"href":"https:\/\/verumhd.com\/fr\/wp-json\/wp\/v2\/users\/2"}],"replies":[{"embeddable":true,"href":"https:\/\/verumhd.com\/fr\/wp-json\/wp\/v2\/comments?post=1605"}],"version-history":[{"count":1,"href":"https:\/\/verumhd.com\/fr\/wp-json\/wp\/v2\/pages\/1605\/revisions"}],"predecessor-version":[{"id":1607,"href":"https:\/\/verumhd.com\/fr\/wp-json\/wp\/v2\/pages\/1605\/revisions\/1607"}],"wp:attachment":[{"href":"https:\/\/verumhd.com\/fr\/wp-json\/wp\/v2\/media?parent=1605"}],"curies":[{"name":"wp","href":"https:\/\/api.w.org\/{rel}","templated":true}]}}